{"id":626,"date":"2021-11-21T14:33:59","date_gmt":"2021-11-21T14:33:59","guid":{"rendered":"https:\/\/wycenatechniczna.pl\/?page_id=626"},"modified":"2021-11-21T15:30:11","modified_gmt":"2021-11-21T15:30:11","slug":"polityka-prywatnosci","status":"publish","type":"page","link":"https:\/\/wycenatechniczna.pl\/index.php\/polityka-prywatnosci\/","title":{"rendered":"Polityka prywatno\u015bci"},"content":{"rendered":"\t\t<div data-elementor-type=\"wp-page\" data-elementor-id=\"626\" class=\"elementor elementor-626\">\n\t\t\t\t\t\t<section class=\"elementor-section elementor-top-section elementor-element elementor-element-42dad144 elementor-section-boxed elementor-section-height-default elementor-section-height-default\" data-id=\"42dad144\" data-element_type=\"section\">\n\t\t\t\t\t\t<div class=\"elementor-container elementor-column-gap-default\">\n\t\t\t\t\t<div class=\"elementor-column elementor-col-100 elementor-top-column elementor-element elementor-element-d48890a\" data-id=\"d48890a\" data-element_type=\"column\">\n\t\t\t<div class=\"elementor-widget-wrap elementor-element-populated\">\n\t\t\t\t\t\t<div class=\"elementor-element elementor-element-7269b3b9 elementor-widget elementor-widget-text-editor\" data-id=\"7269b3b9\" data-element_type=\"widget\" data-widget_type=\"text-editor.default\">\n\t\t\t\t<div class=\"elementor-widget-container\">\n\t\t\t<style>\/*! elementor - v3.19.0 - 29-01-2024 *\/\n.elementor-widget-text-editor.elementor-drop-cap-view-stacked .elementor-drop-cap{background-color:#69727d;color:#fff}.elementor-widget-text-editor.elementor-drop-cap-view-framed .elementor-drop-cap{color:#69727d;border:3px solid;background-color:transparent}.elementor-widget-text-editor:not(.elementor-drop-cap-view-default) .elementor-drop-cap{margin-top:8px}.elementor-widget-text-editor:not(.elementor-drop-cap-view-default) .elementor-drop-cap-letter{width:1em;height:1em}.elementor-widget-text-editor .elementor-drop-cap{float:left;text-align:center;line-height:1;font-size:50px}.elementor-widget-text-editor .elementor-drop-cap-letter{display:inline-block}<\/style>\t\t\t\t<!-- wp:heading -->\n<p><strong>Polityka prywatno\u015bci<\/strong> opisuje zasady przetwarzania przez nas informacji na Tw\u00f3j temat, w tym danych osobowych oraz ciasteczek, czyli tzw. cookies.<br \/>1. Informacje og\u00f3lne<br \/>Niniejsza polityka dotyczy Serwisu www, funkcjonuj\u0105cego pod adresem url: https:\/\/wycenaruchomosci24.pl\/\u00a0 https:\/\/wycenatechniczna.pl\/<br \/>Operatorem serwisu oraz Administratorem danych osobowych jest:<\/p>\n<p><strong>Aneta Anna Ma\u015bnik<\/strong><\/p>\n<p><strong>Tel. 791 69 69 50<\/strong><\/p>\n<p><strong>e-mail: wycenatechniczna@gmail.com<\/strong><\/p>\n<p><strong>Adres do korespondencji:<\/strong><\/p>\n<p><strong>Mielno 35<\/strong><\/p>\n<p><strong>73-155 W\u0119gorzyno<\/strong><\/p>\n<p><br \/>Operator jest Administratorem Twoich danych osobowych w odniesieniu do danych podanych dobrowolnie w Serwisie.<br \/>Serwis wykorzystuje dane osobowe w nast\u0119puj\u0105cych celach:<br \/>Obs\u0142uga zapyta\u0144 przez formularz<br \/>Prezentacja oferty lub informacji<br \/>Serwis realizuje funkcje pozyskiwania informacji o u\u017cytkownikach i ich zachowaniu w nast\u0119puj\u0105cy spos\u00f3b:<br \/>Poprzez dobrowolnie wprowadzone w formularzach dane, kt\u00f3re zostaj\u0105 wprowadzone do system\u00f3w Operatora.<br \/>Poprzez zapisywanie w urz\u0105dzeniach ko\u0144cowych plik\u00f3w cookie (tzw. \u201eciasteczka\u201d).<br \/>2. Wybrane metody ochrony danych stosowane przez Operatora<br \/>Miejsca logowania i wprowadzania danych osobowych s\u0105 chronione w warstwie transmisji (certyfikat SSL). Dzi\u0119ki temu dane osobowe i dane logowania, wprowadzone na stronie, zostaj\u0105 zaszyfrowane w komputerze u\u017cytkownika i mog\u0105 by\u0107 odczytane jedynie na docelowym serwerze.<br \/>Operator okresowo zmienia swoje has\u0142a administracyjne.<br \/>W celu ochrony danych Operator regularnie wykonuje kopie bezpiecze\u0144stwa.<br \/>Istotnym elementem ochrony danych jest regularna aktualizacja wszelkiego oprogramowania, wykorzystywanego przez Operatora do przetwarzania danych osobowych, co w szczeg\u00f3lno\u015bci oznacza regularne aktualizacje komponent\u00f3w programistycznych.<br \/>3. Hosting<br \/>Serwis jest hostowany (technicznie utrzymywany) na serwera operatora: cyberFolks.pl<br \/>4. Twoje prawa i dodatkowe informacje o sposobie wykorzystania danych<br \/>W niekt\u00f3rych sytuacjach Administrator ma prawo przekazywa\u0107 Twoje dane osobowe innym odbiorcom, je\u015bli b\u0119dzie to niezb\u0119dne do wykonania zawartej z Tob\u0105 umowy lub do zrealizowania obowi\u0105zk\u00f3w ci\u0105\u017c\u0105cych na Administratorze. Dotyczy to takich grup odbiorc\u00f3w:<br \/>firma hostingowa na zasadzie powierzenia<br \/>upowa\u017cnieni pracownicy i wsp\u00f3\u0142pracownicy, kt\u00f3rzy korzystaj\u0105 z danych w celu realizacji celu dzia\u0142ania strony<br \/>Twoje dane osobowe przetwarzane przez Administratora nie d\u0142u\u017cej, ni\u017c jest to konieczne do wykonania zwi\u0105zanych z nimi czynno\u015bci okre\u015blonych osobnymi przepisami (np. o prowadzeniu rachunkowo\u015bci). W odniesieniu do danych marketingowych dane nie b\u0119d\u0105 przetwarzane d\u0142u\u017cej ni\u017c przez 3 lata.<br \/>Przys\u0142uguje Ci prawo \u017c\u0105dania od Administratora:<br \/>dost\u0119pu do danych osobowych Ciebie dotycz\u0105cych,<br \/>ich sprostowania,<br \/>usuni\u0119cia,<br \/>ograniczenia przetwarzania,<br \/>oraz przenoszenia danych.<br \/>Przys\u0142uguje Ci prawo do z\u0142o\u017cenia sprzeciwu w zakresie przetwarzania wskazanego w pkt 3.3 c) wobec przetwarzania danych osobowych w celu wykonania prawnie uzasadnionych interes\u00f3w realizowanych przez Administratora, w tym profilowania, przy czym prawo sprzeciwu nie b\u0119dzie mog\u0142o by\u0107 wykonane w przypadku istnienia wa\u017cnych prawnie uzasadnionych podstaw do przetwarzania, nadrz\u0119dnych wobec Ciebie interes\u00f3w, praw i wolno\u015bci, w szczeg\u00f3lno\u015bci ustalenia, dochodzenia lub obrony roszcze\u0144.<br \/>Na dzia\u0142ania Administratora przys\u0142uguje skarga do Prezesa Urz\u0119du Ochrony Danych Osobowych, ul. Stawki 2, 00-193 Warszawa.<br \/>Podanie danych osobowych jest dobrowolne, lecz niezb\u0119dne do obs\u0142ugi Serwisu.<br \/>W stosunku do Ciebie mog\u0105 by\u0107 podejmowane czynno\u015bci polegaj\u0105ce na zautomatyzowanym podejmowaniu decyzji, w tym profilowaniu w celu \u015bwiadczenia us\u0142ug w ramach zawartej umowy oraz w celu prowadzenia przez Administratora marketingu bezpo\u015bredniego.<br \/>Dane osobowe nie s\u0105 przekazywane od kraj\u00f3w trzecich w rozumieniu przepis\u00f3w o ochronie danych osobowych. Oznacza to, \u017ce nie przesy\u0142amy ich poza teren Unii Europejskiej.<br \/>5. Informacje w formularzach<br \/>Serwis zbiera informacje podane dobrowolnie przez u\u017cytkownika, w tym dane osobowe, o ile zostan\u0105 one podane.<br \/>Serwis mo\u017ce zapisa\u0107 informacje o parametrach po\u0142\u0105czenia (oznaczenie czasu, adres IP).<br \/>Serwis, w niekt\u00f3rych wypadkach, mo\u017ce zapisa\u0107 informacj\u0119 u\u0142atwiaj\u0105c\u0105 powi\u0105zanie danych w formularzu z adresem e-mail u\u017cytkownika wype\u0142niaj\u0105cego formularz. W takim wypadku adres e-mail u\u017cytkownika pojawia si\u0119 wewn\u0105trz adresu url strony zawieraj\u0105cej formularz.<br \/>Dane podane w formularzu s\u0105 przetwarzane w celu wynikaj\u0105cym z funkcji konkretnego formularza, np. w celu dokonania procesu obs\u0142ugi zg\u0142oszenia serwisowego lub kontaktu handlowego, rejestracji us\u0142ug itp. Ka\u017cdorazowo kontekst i opis formularza w czytelny spos\u00f3b informuje, do czego on s\u0142u\u017cy.<br \/>6. Logi Administratora<br \/>Informacje zachowaniu u\u017cytkownik\u00f3w w serwisie mog\u0105 podlega\u0107 logowaniu. Dane te s\u0105 wykorzystywane w celu administrowania serwisem.<br \/>7. Istotne techniki marketingowe<br \/>Operator stosuje analiz\u0119 statystyczn\u0105 ruchu na stronie, poprzez Google Analytics (Google Inc. z siedzib\u0105 w USA). Operator nie przekazuje do operatora tej us\u0142ugi danych osobowych, a jedynie zanonimizowane informacje. Us\u0142uga bazuje na wykorzystaniu ciasteczek w urz\u0105dzeniu ko\u0144cowym u\u017cytkownika. W zakresie informacji o preferencjach u\u017cytkownika gromadzonych przez sie\u0107 reklamow\u0105 Google u\u017cytkownik mo\u017ce przegl\u0105da\u0107 i edytowa\u0107 informacje wynikaj\u0105ce z plik\u00f3w cookies przy pomocy narz\u0119dzia: https:\/\/www.google.com\/ads\/preferences\/<br \/>Operator stosuje techniki remarketingowe, pozwalaj\u0105ce na dopasowanie przekaz\u00f3w reklamowych do zachowania u\u017cytkownika na stronie, co mo\u017ce dawa\u0107 z\u0142udzenie, \u017ce dane osobowe u\u017cytkownika s\u0105 wykorzystywane do jego \u015bledzenia, jednak w praktyce nie dochodzi do przekazania \u017cadnych danych osobowych od Operatora do operatorom reklam. Technologicznym warunkiem takich dzia\u0142a\u0144 jest w\u0142\u0105czona obs\u0142uga plik\u00f3w cookie.<br \/>Operator stosuje rozwi\u0105zanie automatyzuj\u0105ce dzia\u0142anie Serwisu w odniesieniu do u\u017cytkownik\u00f3w, np. mog\u0105ce przes\u0142a\u0107 maila do u\u017cytkownika po odwiedzeniu konkretnej podstrony, o ile wyrazi\u0142 on zgod\u0119 na otrzymywanie korespondencji handlowej od Operatora.<br \/>8. Informacja o plikach cookies<br \/>Serwis korzysta z plik\u00f3w cookies.<br \/>Pliki cookies (tzw. \u201eciasteczka\u201d) stanowi\u0105 dane informatyczne, w szczeg\u00f3lno\u015bci pliki tekstowe, kt\u00f3re przechowywane s\u0105 w urz\u0105dzeniu ko\u0144cowym U\u017cytkownika Serwisu i przeznaczone s\u0105 do korzystania ze stron internetowych Serwisu. Cookies zazwyczaj zawieraj\u0105 nazw\u0119 strony internetowej, z kt\u00f3rej pochodz\u0105, czas przechowywania ich na urz\u0105dzeniu ko\u0144cowym oraz unikalny numer.<br \/>Podmiotem zamieszczaj\u0105cym na urz\u0105dzeniu ko\u0144cowym U\u017cytkownika Serwisu pliki cookies oraz uzyskuj\u0105cym do nich dost\u0119p jest operator Serwisu.<br \/>Pliki cookies wykorzystywane s\u0105 w nast\u0119puj\u0105cych celach:<br \/>utrzymanie sesji u\u017cytkownika Serwisu (po zalogowaniu), dzi\u0119ki kt\u00f3rej u\u017cytkownik nie musi na ka\u017cdej podstronie Serwisu ponownie wpisywa\u0107 loginu i has\u0142a;<br \/>realizacji cel\u00f3w okre\u015blonych powy\u017cej w cz\u0119\u015bci \u201eIstotne techniki marketingowe\u201d;<br \/>W ramach Serwisu stosowane s\u0105 dwa zasadnicze rodzaje plik\u00f3w cookies: \u201esesyjne\u201d (session cookies) oraz \u201esta\u0142e\u201d (persistent cookies). Cookies \u201esesyjne\u201d s\u0105 plikami tymczasowymi, kt\u00f3re przechowywane s\u0105 w urz\u0105dzeniu ko\u0144cowym U\u017cytkownika do czasu wylogowania, opuszczenia strony internetowej lub wy\u0142\u0105czenia oprogramowania (przegl\u0105darki internetowej). \u201eSta\u0142e\u201d pliki cookies przechowywane s\u0105 w urz\u0105dzeniu ko\u0144cowym U\u017cytkownika przez czas okre\u015blony w parametrach plik\u00f3w cookies lub do czasu ich usuni\u0119cia przez U\u017cytkownika.<br \/>Oprogramowanie do przegl\u0105dania stron internetowych (przegl\u0105darka internetowa) zazwyczaj domy\u015blnie dopuszcza przechowywanie plik\u00f3w cookies w urz\u0105dzeniu ko\u0144cowym U\u017cytkownika. U\u017cytkownicy Serwisu mog\u0105 dokona\u0107 zmiany ustawie\u0144 w tym zakresie. Przegl\u0105darka internetowa umo\u017cliwia usuni\u0119cie plik\u00f3w cookies. Mo\u017cliwe jest tak\u017ce automatyczne blokowanie plik\u00f3w cookies Szczeg\u00f3\u0142owe informacje na ten temat zawiera pomoc lub dokumentacja przegl\u0105darki internetowej.<br \/>Ograniczenia stosowania plik\u00f3w cookies mog\u0105 wp\u0142yn\u0105\u0107 na niekt\u00f3re funkcjonalno\u015bci dost\u0119pne na stronach internetowych Serwisu.<br \/>Pliki cookies zamieszczane w urz\u0105dzeniu ko\u0144cowym U\u017cytkownika Serwisu wykorzystywane mog\u0105 by\u0107 r\u00f3wnie\u017c przez wsp\u00f3\u0142pracuj\u0105ce z operatorem Serwisu podmioty, w szczeg\u00f3lno\u015bci dotyczy to firm: Google (Google Inc. z siedzib\u0105 w USA), Facebook (Facebook Inc. z siedzib\u0105 w USA), Twitter (Twitter Inc. z siedzib\u0105 w USA).<br \/>9. Zarz\u0105dzanie plikami cookies \u2013 jak w praktyce wyra\u017ca\u0107 i cofa\u0107 zgod\u0119?<br \/>Je\u015bli u\u017cytkownik nie chce otrzymywa\u0107 plik\u00f3w cookies, mo\u017ce zmieni\u0107 ustawienia przegl\u0105darki. Zastrzegamy, \u017ce wy\u0142\u0105czenie obs\u0142ugi plik\u00f3w cookies niezb\u0119dnych dla proces\u00f3w uwierzytelniania, bezpiecze\u0144stwa, utrzymania preferencji u\u017cytkownika mo\u017ce utrudni\u0107, a w skrajnych przypadkach mo\u017ce uniemo\u017cliwi\u0107 korzystanie ze stron www<br \/>W celu zarz\u0105dzania ustawienia cookies wybierz z listy poni\u017cej przegl\u0105dark\u0119 internetow\u0105, kt\u00f3rej u\u017cywasz i post\u0119puj zgodnie z instrukcjami:<br \/>Edge<br \/>Internet Explorer<br \/>Chrome<br \/>Safari<br \/>Firefox<br \/>Opera<br \/>Urz\u0105dzenia mobilne:<\/p>\n<p>Android<br \/>Safari (iOS)<br \/>Windows Phone<br \/>Niniejszy wz\u00f3r polityki zosta\u0142 wygenerowany bezp\u0142atnie, w celach informacyjnych, w oparciu o nasz\u0105 wiedz\u0119, bran\u017cowe praktyki i przepisy prawa obowi\u0105zuj\u0105ce na dzie\u0144 2018-08-14. Zalecamy sprawdzenie wzoru polityki przed u\u017cyciem jej na stronie. Wz\u00f3r opiera si\u0119 na najcz\u0119\u015bciej wyst\u0119puj\u0105cych na stronach internetowych sytuacjach, ale mo\u017ce nie odzwierciedla\u0107 pe\u0142nej i dok\u0142adnej specyfiki Twojej strony www. Przeczytaj uwa\u017cnie wygenerowany dokument i w razie potrzeb dostosuj go do Twojej sytuacji lub zasi\u0119gnij porady prawnej. Nie bierzemy odpowiedziano\u015bci za skutki pos\u0142ugiwania si\u0119 tym dokumentem, poniewa\u017c tylko Ty masz wp\u0142w na to, czy wszystkie informacje w nim zawarte s\u0105 zgodne z prawd\u0105. Zwr\u00f3\u0107 tak\u017ce uwag\u0119, \u017ce Polityka Prywatno\u015bci, nawet najlepsza, jest tylko jednym z ekment\u00f3w Twojej troski o dane osobowe i prywatno\u015b\u0107 u\u017cytkownika na stronie www.<\/p>\n<!-- \/wp:paragraph -->\t\t\t\t\t\t<\/div>\n\t\t\t\t<\/div>\n\t\t\t\t\t<\/div>\n\t\t<\/div>\n\t\t\t\t\t<\/div>\n\t\t<\/section>\n\t\t\t\t<\/div>\n\t\t","protected":false},"excerpt":{"rendered":"<p>Polityka prywatno\u015bci opisuje zasady przetwarzania przez nas informacji na Tw\u00f3j temat, w tym danych osobowych oraz ciasteczek, czyli tzw. cookies.1. Informacje og\u00f3lneNiniejsza polityka dotyczy Serwisu www, funkcjonuj\u0105cego pod adresem url: https:\/\/wycenaruchomosci24.pl\/\u00a0 https:\/\/wycenatechniczna.pl\/Operatorem serwisu oraz Administratorem danych osobowych jest: Aneta Anna Ma\u015bnik Tel. 791 69 69 50 e-mail: wycenatechniczna@gmail.com Adres do korespondencji: Mielno 35 73-155 W\u0119gorzyno [&hellip;]<\/p>\n","protected":false},"author":1,"featured_media":0,"parent":0,"menu_order":0,"comment_status":"closed","ping_status":"closed","template":"","meta":{"footnotes":""},"_links":{"self":[{"href":"https:\/\/wycenatechniczna.pl\/index.php\/wp-json\/wp\/v2\/pages\/626"}],"collection":[{"href":"https:\/\/wycenatechniczna.pl\/index.php\/wp-json\/wp\/v2\/pages"}],"about":[{"href":"https:\/\/wycenatechniczna.pl\/index.php\/wp-json\/wp\/v2\/types\/page"}],"author":[{"embeddable":true,"href":"https:\/\/wycenatechniczna.pl\/index.php\/wp-json\/wp\/v2\/users\/1"}],"replies":[{"embeddable":true,"href":"https:\/\/wycenatechniczna.pl\/index.php\/wp-json\/wp\/v2\/comments?post=626"}],"version-history":[{"count":4,"href":"https:\/\/wycenatechniczna.pl\/index.php\/wp-json\/wp\/v2\/pages\/626\/revisions"}],"predecessor-version":[{"id":639,"href":"https:\/\/wycenatechniczna.pl\/index.php\/wp-json\/wp\/v2\/pages\/626\/revisions\/639"}],"wp:attachment":[{"href":"https:\/\/wycenatechniczna.pl\/index.php\/wp-json\/wp\/v2\/media?parent=626"}],"curies":[{"name":"wp","href":"https:\/\/api.w.org\/{rel}","templated":true}]}}